{"id":1085,"date":"2025-08-07T15:24:41","date_gmt":"2025-08-07T15:24:41","guid":{"rendered":"https:\/\/www.thenextlevelcar.com\/?page_id=1085"},"modified":"2025-08-07T15:24:42","modified_gmt":"2025-08-07T15:24:42","slug":"compromiso-proteccion-datos-personales","status":"publish","type":"page","link":"https:\/\/www.thenextlevelcar.com\/index.php\/compromiso-proteccion-datos-personales\/","title":{"rendered":"Compromiso con la Protecci\u00f3n de Datos Personales"},"content":{"rendered":"\n<p>En The Next Level Car, con domicilio en A Brea, 31, 36689, A Estrada, Pontevedra, asumimos un firme compromiso con la protecci\u00f3n de los datos personales de nuestros clientes, usuarios y colaboradores. Nuestra prioridad es garantizar que cualquier informaci\u00f3n personal que tratamos se utilice de forma l\u00edcita, leal, transparente y segura, en cumplimiento con lo establecido en el Reglamento (UE) 2016\/679 (RGPD) y en la Ley Org\u00e1nica 3\/2018 (LOPDGDD).<\/p>\n\n\n\n<p>El tratamiento de tus datos personales se realiza siempre con una base jur\u00eddica adecuada, ya sea el consentimiento expreso del interesado, la ejecuci\u00f3n de un contrato, el cumplimiento de una obligaci\u00f3n legal o el inter\u00e9s leg\u00edtimo de la empresa. Solo recopilamos aquellos datos que resultan estrictamente necesarios para prestarte nuestros servicios con la m\u00e1xima calidad y seguridad.<\/p>\n\n\n\n<p>Nos comprometemos a:<\/p>\n\n\n\n<ul class=\"wp-block-list\">\n<li>Tratar tus datos de forma confidencial y exclusivamente para los fines informados.<\/li>\n<\/ul>\n\n\n\n<ul class=\"wp-block-list\">\n<li>Adoptar las medidas t\u00e9cnicas y organizativas necesarias para garantizar su integridad, disponibilidad y confidencialidad.<\/li>\n<\/ul>\n\n\n\n<ul class=\"wp-block-list\">\n<li>No ceder ni comunicar tus datos a terceros, salvo obligaci\u00f3n legal o cuando sea imprescindible para la correcta prestaci\u00f3n de nuestros servicios.<\/li>\n<\/ul>\n\n\n\n<ul class=\"wp-block-list\">\n<li>Atender cualquier solicitud de ejercicio de derechos (acceso, rectificaci\u00f3n, supresi\u00f3n, oposici\u00f3n, limitaci\u00f3n del tratamiento y portabilidad) de forma diligente y sin demora injustificada.<\/li>\n<\/ul>\n\n\n\n<p>En The Next Level Car, la privacidad no es solo una obligaci\u00f3n legal: es una muestra de respeto hacia ti. Si tienes cualquier duda o deseas ejercer tus derechos, puedes contactarnos a trav\u00e9s del correo electr\u00f3nico thenextlevelcars@gmail.com o llamando al 602 41 29 15.<\/p>\n","protected":false},"excerpt":{"rendered":"<p>En The Next Level Car, con domicilio en A Brea, 31, 36689, A Estrada, Pontevedra, asumimos un firme compromiso con la protecci\u00f3n de los datos personales de nuestros clientes, usuarios y colaboradores. Nuestra prioridad es garantizar que cualquier informaci\u00f3n personal que tratamos se utilice de forma l\u00edcita, leal, transparente y segura, en cumplimiento con lo [&hellip;]<\/p>\n","protected":false},"author":1,"featured_media":0,"parent":0,"menu_order":0,"comment_status":"closed","ping_status":"closed","template":"","meta":{"footnotes":""},"class_list":["post-1085","page","type-page","status-publish","czr-hentry"],"yoast_head":"<!-- This site is optimized with the Yoast SEO plugin v26.2 - https:\/\/yoast.com\/wordpress\/plugins\/seo\/ -->\n<title>Compromiso con la Protecci\u00f3n de Datos Personales - The Next Level Car<\/title>\n<meta name=\"robots\" content=\"index, follow, max-snippet:-1, max-image-preview:large, max-video-preview:-1\" \/>\n<link rel=\"canonical\" href=\"https:\/\/www.thenextlevelcar.com\/index.php\/compromiso-proteccion-datos-personales\/\" \/>\n<meta property=\"og:locale\" content=\"es_ES\" \/>\n<meta property=\"og:type\" content=\"article\" \/>\n<meta property=\"og:title\" content=\"Compromiso con la Protecci\u00f3n de Datos Personales - The Next Level Car\" \/>\n<meta property=\"og:description\" content=\"En The Next Level Car, con domicilio en A Brea, 31, 36689, A Estrada, Pontevedra, asumimos un firme compromiso con la protecci\u00f3n de los datos personales de nuestros clientes, usuarios y colaboradores. Nuestra prioridad es garantizar que cualquier informaci\u00f3n personal que tratamos se utilice de forma l\u00edcita, leal, transparente y segura, en cumplimiento con lo [&hellip;]\" \/>\n<meta property=\"og:url\" content=\"https:\/\/www.thenextlevelcar.com\/index.php\/compromiso-proteccion-datos-personales\/\" \/>\n<meta property=\"og:site_name\" content=\"The Next Level Car\" \/>\n<meta property=\"article:modified_time\" content=\"2025-08-07T15:24:42+00:00\" \/>\n<meta name=\"twitter:card\" content=\"summary_large_image\" \/>\n<meta name=\"twitter:label1\" content=\"Tiempo de lectura\" \/>\n\t<meta name=\"twitter:data1\" content=\"2 minutos\" \/>\n<script type=\"application\/ld+json\" class=\"yoast-schema-graph\">{\"@context\":\"https:\/\/schema.org\",\"@graph\":[{\"@type\":\"WebPage\",\"@id\":\"https:\/\/www.thenextlevelcar.com\/index.php\/compromiso-proteccion-datos-personales\/\",\"url\":\"https:\/\/www.thenextlevelcar.com\/index.php\/compromiso-proteccion-datos-personales\/\",\"name\":\"Compromiso con la Protecci\u00f3n de Datos Personales - The Next Level Car\",\"isPartOf\":{\"@id\":\"https:\/\/www.thenextlevelcar.com\/#website\"},\"datePublished\":\"2025-08-07T15:24:41+00:00\",\"dateModified\":\"2025-08-07T15:24:42+00:00\",\"breadcrumb\":{\"@id\":\"https:\/\/www.thenextlevelcar.com\/index.php\/compromiso-proteccion-datos-personales\/#breadcrumb\"},\"inLanguage\":\"es\",\"potentialAction\":[{\"@type\":\"ReadAction\",\"target\":[\"https:\/\/www.thenextlevelcar.com\/index.php\/compromiso-proteccion-datos-personales\/\"]}]},{\"@type\":\"BreadcrumbList\",\"@id\":\"https:\/\/www.thenextlevelcar.com\/index.php\/compromiso-proteccion-datos-personales\/#breadcrumb\",\"itemListElement\":[{\"@type\":\"ListItem\",\"position\":1,\"name\":\"Portada\",\"item\":\"https:\/\/www.thenextlevelcar.com\/\"},{\"@type\":\"ListItem\",\"position\":2,\"name\":\"Compromiso con la Protecci\u00f3n de Datos Personales\"}]},{\"@type\":\"WebSite\",\"@id\":\"https:\/\/www.thenextlevelcar.com\/#website\",\"url\":\"https:\/\/www.thenextlevelcar.com\/\",\"name\":\"The Next Level Car\",\"description\":\"\",\"publisher\":{\"@id\":\"https:\/\/www.thenextlevelcar.com\/#organization\"},\"potentialAction\":[{\"@type\":\"SearchAction\",\"target\":{\"@type\":\"EntryPoint\",\"urlTemplate\":\"https:\/\/www.thenextlevelcar.com\/?s={search_term_string}\"},\"query-input\":{\"@type\":\"PropertyValueSpecification\",\"valueRequired\":true,\"valueName\":\"search_term_string\"}}],\"inLanguage\":\"es\"},{\"@type\":\"Organization\",\"@id\":\"https:\/\/www.thenextlevelcar.com\/#organization\",\"name\":\"The Next Level Car\",\"url\":\"https:\/\/www.thenextlevelcar.com\/\",\"logo\":{\"@type\":\"ImageObject\",\"inLanguage\":\"es\",\"@id\":\"https:\/\/www.thenextlevelcar.com\/#\/schema\/logo\/image\/\",\"url\":\"https:\/\/www.thenextlevelcar.com\/wp-content\/uploads\/2024\/09\/cropped-logo-nombre-e1727436716496.png\",\"contentUrl\":\"https:\/\/www.thenextlevelcar.com\/wp-content\/uploads\/2024\/09\/cropped-logo-nombre-e1727436716496.png\",\"width\":493,\"height\":177,\"caption\":\"The Next Level Car\"},\"image\":{\"@id\":\"https:\/\/www.thenextlevelcar.com\/#\/schema\/logo\/image\/\"}}]}<\/script>\n<!-- \/ Yoast SEO plugin. -->","yoast_head_json":{"title":"Compromiso con la Protecci\u00f3n de Datos Personales - The Next Level Car","robots":{"index":"index","follow":"follow","max-snippet":"max-snippet:-1","max-image-preview":"max-image-preview:large","max-video-preview":"max-video-preview:-1"},"canonical":"https:\/\/www.thenextlevelcar.com\/index.php\/compromiso-proteccion-datos-personales\/","og_locale":"es_ES","og_type":"article","og_title":"Compromiso con la Protecci\u00f3n de Datos Personales - The Next Level Car","og_description":"En The Next Level Car, con domicilio en A Brea, 31, 36689, A Estrada, Pontevedra, asumimos un firme compromiso con la protecci\u00f3n de los datos personales de nuestros clientes, usuarios y colaboradores. Nuestra prioridad es garantizar que cualquier informaci\u00f3n personal que tratamos se utilice de forma l\u00edcita, leal, transparente y segura, en cumplimiento con lo [&hellip;]","og_url":"https:\/\/www.thenextlevelcar.com\/index.php\/compromiso-proteccion-datos-personales\/","og_site_name":"The Next Level Car","article_modified_time":"2025-08-07T15:24:42+00:00","twitter_card":"summary_large_image","twitter_misc":{"Tiempo de lectura":"2 minutos"},"schema":{"@context":"https:\/\/schema.org","@graph":[{"@type":"WebPage","@id":"https:\/\/www.thenextlevelcar.com\/index.php\/compromiso-proteccion-datos-personales\/","url":"https:\/\/www.thenextlevelcar.com\/index.php\/compromiso-proteccion-datos-personales\/","name":"Compromiso con la Protecci\u00f3n de Datos Personales - The Next Level Car","isPartOf":{"@id":"https:\/\/www.thenextlevelcar.com\/#website"},"datePublished":"2025-08-07T15:24:41+00:00","dateModified":"2025-08-07T15:24:42+00:00","breadcrumb":{"@id":"https:\/\/www.thenextlevelcar.com\/index.php\/compromiso-proteccion-datos-personales\/#breadcrumb"},"inLanguage":"es","potentialAction":[{"@type":"ReadAction","target":["https:\/\/www.thenextlevelcar.com\/index.php\/compromiso-proteccion-datos-personales\/"]}]},{"@type":"BreadcrumbList","@id":"https:\/\/www.thenextlevelcar.com\/index.php\/compromiso-proteccion-datos-personales\/#breadcrumb","itemListElement":[{"@type":"ListItem","position":1,"name":"Portada","item":"https:\/\/www.thenextlevelcar.com\/"},{"@type":"ListItem","position":2,"name":"Compromiso con la Protecci\u00f3n de Datos Personales"}]},{"@type":"WebSite","@id":"https:\/\/www.thenextlevelcar.com\/#website","url":"https:\/\/www.thenextlevelcar.com\/","name":"The Next Level Car","description":"","publisher":{"@id":"https:\/\/www.thenextlevelcar.com\/#organization"},"potentialAction":[{"@type":"SearchAction","target":{"@type":"EntryPoint","urlTemplate":"https:\/\/www.thenextlevelcar.com\/?s={search_term_string}"},"query-input":{"@type":"PropertyValueSpecification","valueRequired":true,"valueName":"search_term_string"}}],"inLanguage":"es"},{"@type":"Organization","@id":"https:\/\/www.thenextlevelcar.com\/#organization","name":"The Next Level Car","url":"https:\/\/www.thenextlevelcar.com\/","logo":{"@type":"ImageObject","inLanguage":"es","@id":"https:\/\/www.thenextlevelcar.com\/#\/schema\/logo\/image\/","url":"https:\/\/www.thenextlevelcar.com\/wp-content\/uploads\/2024\/09\/cropped-logo-nombre-e1727436716496.png","contentUrl":"https:\/\/www.thenextlevelcar.com\/wp-content\/uploads\/2024\/09\/cropped-logo-nombre-e1727436716496.png","width":493,"height":177,"caption":"The Next Level Car"},"image":{"@id":"https:\/\/www.thenextlevelcar.com\/#\/schema\/logo\/image\/"}}]}},"_links":{"self":[{"href":"https:\/\/www.thenextlevelcar.com\/index.php\/wp-json\/wp\/v2\/pages\/1085","targetHints":{"allow":["GET"]}}],"collection":[{"href":"https:\/\/www.thenextlevelcar.com\/index.php\/wp-json\/wp\/v2\/pages"}],"about":[{"href":"https:\/\/www.thenextlevelcar.com\/index.php\/wp-json\/wp\/v2\/types\/page"}],"author":[{"embeddable":true,"href":"https:\/\/www.thenextlevelcar.com\/index.php\/wp-json\/wp\/v2\/users\/1"}],"replies":[{"embeddable":true,"href":"https:\/\/www.thenextlevelcar.com\/index.php\/wp-json\/wp\/v2\/comments?post=1085"}],"version-history":[{"count":1,"href":"https:\/\/www.thenextlevelcar.com\/index.php\/wp-json\/wp\/v2\/pages\/1085\/revisions"}],"predecessor-version":[{"id":1086,"href":"https:\/\/www.thenextlevelcar.com\/index.php\/wp-json\/wp\/v2\/pages\/1085\/revisions\/1086"}],"wp:attachment":[{"href":"https:\/\/www.thenextlevelcar.com\/index.php\/wp-json\/wp\/v2\/media?parent=1085"}],"curies":[{"name":"wp","href":"https:\/\/api.w.org\/{rel}","templated":true}]}}