{"id":756,"date":"2024-09-25T11:25:02","date_gmt":"2024-09-25T11:25:02","guid":{"rendered":"https:\/\/www.thenextlevelcar.com\/?page_id=756"},"modified":"2024-09-25T11:25:03","modified_gmt":"2024-09-25T11:25:03","slug":"detalles-de-calidad","status":"publish","type":"page","link":"https:\/\/www.thenextlevelcar.com\/index.php\/detalles-de-calidad\/","title":{"rendered":"Detalles de calidad"},"content":{"rendered":"\n<p>Te invitamos a descubrir cada detalle que hace que nuestros coches sean verdaderamente excepcionales, desde la rigurosa revisi\u00f3n de los interiores hasta el minucioso examen de los acabados exteriores. Cada imagen refleja nuestro compromiso con la perfecci\u00f3n. La calidad en cada rinc\u00f3n de nuestros veh\u00edculos es lo que nos define, y aqu\u00ed podr\u00e1s apreciarlo con todo lujo de detalles.<br><br><\/p>\n","protected":false},"excerpt":{"rendered":"<p>Te invitamos a descubrir cada detalle que hace que nuestros coches sean verdaderamente excepcionales, desde la rigurosa revisi\u00f3n de los interiores hasta el minucioso examen de los acabados exteriores. Cada imagen refleja nuestro compromiso con la perfecci\u00f3n. La calidad en cada rinc\u00f3n de nuestros veh\u00edculos es lo que nos define, y aqu\u00ed podr\u00e1s apreciarlo con [&hellip;]<\/p>\n","protected":false},"author":1,"featured_media":0,"parent":0,"menu_order":0,"comment_status":"closed","ping_status":"closed","template":"","meta":{"footnotes":""},"class_list":["post-756","page","type-page","status-publish","czr-hentry"],"yoast_head":"<!-- This site is optimized with the Yoast SEO plugin v26.2 - https:\/\/yoast.com\/wordpress\/plugins\/seo\/ -->\n<title>Detalles de calidad - The Next Level Car<\/title>\n<meta name=\"robots\" content=\"index, follow, max-snippet:-1, max-image-preview:large, max-video-preview:-1\" \/>\n<link rel=\"canonical\" href=\"https:\/\/www.thenextlevelcar.com\/index.php\/detalles-de-calidad\/\" \/>\n<meta property=\"og:locale\" content=\"es_ES\" \/>\n<meta property=\"og:type\" content=\"article\" \/>\n<meta property=\"og:title\" content=\"Detalles de calidad - The Next Level Car\" \/>\n<meta property=\"og:description\" content=\"Te invitamos a descubrir cada detalle que hace que nuestros coches sean verdaderamente excepcionales, desde la rigurosa revisi\u00f3n de los interiores hasta el minucioso examen de los acabados exteriores. Cada imagen refleja nuestro compromiso con la perfecci\u00f3n. La calidad en cada rinc\u00f3n de nuestros veh\u00edculos es lo que nos define, y aqu\u00ed podr\u00e1s apreciarlo con [&hellip;]\" \/>\n<meta property=\"og:url\" content=\"https:\/\/www.thenextlevelcar.com\/index.php\/detalles-de-calidad\/\" \/>\n<meta property=\"og:site_name\" content=\"The Next Level Car\" \/>\n<meta property=\"article:modified_time\" content=\"2024-09-25T11:25:03+00:00\" \/>\n<meta name=\"twitter:card\" content=\"summary_large_image\" \/>\n<script type=\"application\/ld+json\" class=\"yoast-schema-graph\">{\"@context\":\"https:\/\/schema.org\",\"@graph\":[{\"@type\":\"WebPage\",\"@id\":\"https:\/\/www.thenextlevelcar.com\/index.php\/detalles-de-calidad\/\",\"url\":\"https:\/\/www.thenextlevelcar.com\/index.php\/detalles-de-calidad\/\",\"name\":\"Detalles de calidad - The Next Level Car\",\"isPartOf\":{\"@id\":\"https:\/\/www.thenextlevelcar.com\/#website\"},\"datePublished\":\"2024-09-25T11:25:02+00:00\",\"dateModified\":\"2024-09-25T11:25:03+00:00\",\"breadcrumb\":{\"@id\":\"https:\/\/www.thenextlevelcar.com\/index.php\/detalles-de-calidad\/#breadcrumb\"},\"inLanguage\":\"es\",\"potentialAction\":[{\"@type\":\"ReadAction\",\"target\":[\"https:\/\/www.thenextlevelcar.com\/index.php\/detalles-de-calidad\/\"]}]},{\"@type\":\"BreadcrumbList\",\"@id\":\"https:\/\/www.thenextlevelcar.com\/index.php\/detalles-de-calidad\/#breadcrumb\",\"itemListElement\":[{\"@type\":\"ListItem\",\"position\":1,\"name\":\"Portada\",\"item\":\"https:\/\/www.thenextlevelcar.com\/\"},{\"@type\":\"ListItem\",\"position\":2,\"name\":\"Detalles de calidad\"}]},{\"@type\":\"WebSite\",\"@id\":\"https:\/\/www.thenextlevelcar.com\/#website\",\"url\":\"https:\/\/www.thenextlevelcar.com\/\",\"name\":\"The Next Level Car\",\"description\":\"\",\"publisher\":{\"@id\":\"https:\/\/www.thenextlevelcar.com\/#organization\"},\"potentialAction\":[{\"@type\":\"SearchAction\",\"target\":{\"@type\":\"EntryPoint\",\"urlTemplate\":\"https:\/\/www.thenextlevelcar.com\/?s={search_term_string}\"},\"query-input\":{\"@type\":\"PropertyValueSpecification\",\"valueRequired\":true,\"valueName\":\"search_term_string\"}}],\"inLanguage\":\"es\"},{\"@type\":\"Organization\",\"@id\":\"https:\/\/www.thenextlevelcar.com\/#organization\",\"name\":\"The Next Level Car\",\"url\":\"https:\/\/www.thenextlevelcar.com\/\",\"logo\":{\"@type\":\"ImageObject\",\"inLanguage\":\"es\",\"@id\":\"https:\/\/www.thenextlevelcar.com\/#\/schema\/logo\/image\/\",\"url\":\"https:\/\/www.thenextlevelcar.com\/wp-content\/uploads\/2024\/09\/cropped-logo-nombre-e1727436716496.png\",\"contentUrl\":\"https:\/\/www.thenextlevelcar.com\/wp-content\/uploads\/2024\/09\/cropped-logo-nombre-e1727436716496.png\",\"width\":493,\"height\":177,\"caption\":\"The Next Level Car\"},\"image\":{\"@id\":\"https:\/\/www.thenextlevelcar.com\/#\/schema\/logo\/image\/\"}}]}<\/script>\n<!-- \/ Yoast SEO plugin. -->","yoast_head_json":{"title":"Detalles de calidad - The Next Level Car","robots":{"index":"index","follow":"follow","max-snippet":"max-snippet:-1","max-image-preview":"max-image-preview:large","max-video-preview":"max-video-preview:-1"},"canonical":"https:\/\/www.thenextlevelcar.com\/index.php\/detalles-de-calidad\/","og_locale":"es_ES","og_type":"article","og_title":"Detalles de calidad - The Next Level Car","og_description":"Te invitamos a descubrir cada detalle que hace que nuestros coches sean verdaderamente excepcionales, desde la rigurosa revisi\u00f3n de los interiores hasta el minucioso examen de los acabados exteriores. Cada imagen refleja nuestro compromiso con la perfecci\u00f3n. La calidad en cada rinc\u00f3n de nuestros veh\u00edculos es lo que nos define, y aqu\u00ed podr\u00e1s apreciarlo con [&hellip;]","og_url":"https:\/\/www.thenextlevelcar.com\/index.php\/detalles-de-calidad\/","og_site_name":"The Next Level Car","article_modified_time":"2024-09-25T11:25:03+00:00","twitter_card":"summary_large_image","schema":{"@context":"https:\/\/schema.org","@graph":[{"@type":"WebPage","@id":"https:\/\/www.thenextlevelcar.com\/index.php\/detalles-de-calidad\/","url":"https:\/\/www.thenextlevelcar.com\/index.php\/detalles-de-calidad\/","name":"Detalles de calidad - The Next Level Car","isPartOf":{"@id":"https:\/\/www.thenextlevelcar.com\/#website"},"datePublished":"2024-09-25T11:25:02+00:00","dateModified":"2024-09-25T11:25:03+00:00","breadcrumb":{"@id":"https:\/\/www.thenextlevelcar.com\/index.php\/detalles-de-calidad\/#breadcrumb"},"inLanguage":"es","potentialAction":[{"@type":"ReadAction","target":["https:\/\/www.thenextlevelcar.com\/index.php\/detalles-de-calidad\/"]}]},{"@type":"BreadcrumbList","@id":"https:\/\/www.thenextlevelcar.com\/index.php\/detalles-de-calidad\/#breadcrumb","itemListElement":[{"@type":"ListItem","position":1,"name":"Portada","item":"https:\/\/www.thenextlevelcar.com\/"},{"@type":"ListItem","position":2,"name":"Detalles de calidad"}]},{"@type":"WebSite","@id":"https:\/\/www.thenextlevelcar.com\/#website","url":"https:\/\/www.thenextlevelcar.com\/","name":"The Next Level Car","description":"","publisher":{"@id":"https:\/\/www.thenextlevelcar.com\/#organization"},"potentialAction":[{"@type":"SearchAction","target":{"@type":"EntryPoint","urlTemplate":"https:\/\/www.thenextlevelcar.com\/?s={search_term_string}"},"query-input":{"@type":"PropertyValueSpecification","valueRequired":true,"valueName":"search_term_string"}}],"inLanguage":"es"},{"@type":"Organization","@id":"https:\/\/www.thenextlevelcar.com\/#organization","name":"The Next Level Car","url":"https:\/\/www.thenextlevelcar.com\/","logo":{"@type":"ImageObject","inLanguage":"es","@id":"https:\/\/www.thenextlevelcar.com\/#\/schema\/logo\/image\/","url":"https:\/\/www.thenextlevelcar.com\/wp-content\/uploads\/2024\/09\/cropped-logo-nombre-e1727436716496.png","contentUrl":"https:\/\/www.thenextlevelcar.com\/wp-content\/uploads\/2024\/09\/cropped-logo-nombre-e1727436716496.png","width":493,"height":177,"caption":"The Next Level Car"},"image":{"@id":"https:\/\/www.thenextlevelcar.com\/#\/schema\/logo\/image\/"}}]}},"_links":{"self":[{"href":"https:\/\/www.thenextlevelcar.com\/index.php\/wp-json\/wp\/v2\/pages\/756","targetHints":{"allow":["GET"]}}],"collection":[{"href":"https:\/\/www.thenextlevelcar.com\/index.php\/wp-json\/wp\/v2\/pages"}],"about":[{"href":"https:\/\/www.thenextlevelcar.com\/index.php\/wp-json\/wp\/v2\/types\/page"}],"author":[{"embeddable":true,"href":"https:\/\/www.thenextlevelcar.com\/index.php\/wp-json\/wp\/v2\/users\/1"}],"replies":[{"embeddable":true,"href":"https:\/\/www.thenextlevelcar.com\/index.php\/wp-json\/wp\/v2\/comments?post=756"}],"version-history":[{"count":2,"href":"https:\/\/www.thenextlevelcar.com\/index.php\/wp-json\/wp\/v2\/pages\/756\/revisions"}],"predecessor-version":[{"id":782,"href":"https:\/\/www.thenextlevelcar.com\/index.php\/wp-json\/wp\/v2\/pages\/756\/revisions\/782"}],"wp:attachment":[{"href":"https:\/\/www.thenextlevelcar.com\/index.php\/wp-json\/wp\/v2\/media?parent=756"}],"curies":[{"name":"wp","href":"https:\/\/api.w.org\/{rel}","templated":true}]}}