{"id":764,"date":"2024-09-25T11:28:22","date_gmt":"2024-09-25T11:28:22","guid":{"rendered":"https:\/\/www.thenextlevelcar.com\/?page_id=764"},"modified":"2024-09-26T10:39:42","modified_gmt":"2024-09-26T10:39:42","slug":"aviso-legal","status":"publish","type":"page","link":"https:\/\/www.thenextlevelcar.com\/index.php\/aviso-legal\/","title":{"rendered":"Aviso legal"},"content":{"rendered":"\n<p>1. Identificaci\u00f3n del titular<\/p>\n\n\n\n<p>El presente aviso legal regula el uso del sitio web de The Next Level Car, con domicilio en A Brea, 31, 36689, A Estrada, Pontevedra.<\/p>\n\n\n\n<p>2. Datos de contacto<\/p>\n\n\n\n<p>Tel\u00e9fono: 602 41 29 15<\/p>\n\n\n\n<p>Email: thenextlevelcars@gmail.com<\/p>\n\n\n\n<p>3. Propiedad intelectual e industrial<\/p>\n\n\n\n<p>Los contenidos de este sitio web, incluyendo textos, im\u00e1genes, dise\u00f1o gr\u00e1fico, y logotipos, son propiedad de The Next Level Car o de terceros que han autorizado su uso. Queda prohibida la reproducci\u00f3n total o parcial de los contenidos sin la autorizaci\u00f3n expresa del titular.<\/p>\n\n\n\n<p>4. Uso del sitio web<\/p>\n\n\n\n<p>El acceso y uso de este sitio web son de car\u00e1cter gratuito. Al utilizar este sitio, el usuario acepta las condiciones establecidas en este aviso legal. El usuario se compromete a no utilizar el sitio web para actividades il\u00edcitas o contrarias a la buena fe y al orden p\u00fablico.<\/p>\n\n\n\n<p>5. Responsabilidad<\/p>\n\n\n\n<p>The Next Level Car no se hace responsable de los da\u00f1os o perjuicios derivados del uso indebido del sitio web. Asimismo, no garantizamos la disponibilidad y continuidad del funcionamiento del sitio, ni la ausencia de virus u otros elementos que puedan da\u00f1ar el sistema inform\u00e1tico del usuario.<\/p>\n\n\n\n<p>6. Enlaces a terceros<\/p>\n\n\n\n<p>El sitio web puede contener enlaces a otros sitios web. The Next Level Car no asume ninguna responsabilidad sobre el contenido y la veracidad de las pol\u00edticas de privacidad de estos sitios. Te recomendamos que leas las pol\u00edticas de privacidad de cualquier sitio web al que accedas.<\/p>\n\n\n\n<p>7. Protecci\u00f3n de datos personales<\/p>\n\n\n\n<p>La utilizaci\u00f3n del sitio web puede implicar la recogida de datos personales. Para m\u00e1s informaci\u00f3n, consulta nuestra Pol\u00edtica de Privacidad.<\/p>\n\n\n\n<p>8. Modificaciones<\/p>\n\n\n\n<p>The Next Level Car se reserva el derecho a modificar este aviso legal en cualquier momento. Las modificaciones ser\u00e1n publicadas en el sitio web y se considerar\u00e1n aceptadas por el usuario al continuar utilizando el sitio.<\/p>\n\n\n\n<p>9. Legislaci\u00f3n aplicable<\/p>\n\n\n\n<p>La relaci\u00f3n entre The Next Level Car y el usuario se regir\u00e1 por la legislaci\u00f3n espa\u00f1ola. Cualquier controversia se someter\u00e1 a los juzgados y tribunales de la localidad de A Estrada, Pontevedra.<\/p>\n","protected":false},"excerpt":{"rendered":"<p>1. Identificaci\u00f3n del titular El presente aviso legal regula el uso del sitio web de The Next Level Car, con domicilio en A Brea, 31, 36689, A Estrada, Pontevedra. 2. Datos de contacto Tel\u00e9fono: 602 41 29 15 Email: thenextlevelcars@gmail.com 3. Propiedad intelectual e industrial Los contenidos de este sitio web, incluyendo textos, im\u00e1genes, dise\u00f1o [&hellip;]<\/p>\n","protected":false},"author":1,"featured_media":0,"parent":0,"menu_order":0,"comment_status":"closed","ping_status":"closed","template":"","meta":{"footnotes":""},"class_list":["post-764","page","type-page","status-publish","czr-hentry"],"yoast_head":"<!-- This site is optimized with the Yoast SEO plugin v26.2 - https:\/\/yoast.com\/wordpress\/plugins\/seo\/ -->\n<title>Aviso legal - The Next Level Car<\/title>\n<meta name=\"robots\" content=\"index, follow, max-snippet:-1, max-image-preview:large, max-video-preview:-1\" \/>\n<link rel=\"canonical\" href=\"https:\/\/www.thenextlevelcar.com\/index.php\/aviso-legal\/\" \/>\n<meta property=\"og:locale\" content=\"es_ES\" \/>\n<meta property=\"og:type\" content=\"article\" \/>\n<meta property=\"og:title\" content=\"Aviso legal - The Next Level Car\" \/>\n<meta property=\"og:description\" content=\"1. Identificaci\u00f3n del titular El presente aviso legal regula el uso del sitio web de The Next Level Car, con domicilio en A Brea, 31, 36689, A Estrada, Pontevedra. 2. Datos de contacto Tel\u00e9fono: 602 41 29 15 Email: thenextlevelcars@gmail.com 3. Propiedad intelectual e industrial Los contenidos de este sitio web, incluyendo textos, im\u00e1genes, dise\u00f1o [&hellip;]\" \/>\n<meta property=\"og:url\" content=\"https:\/\/www.thenextlevelcar.com\/index.php\/aviso-legal\/\" \/>\n<meta property=\"og:site_name\" content=\"The Next Level Car\" \/>\n<meta property=\"article:modified_time\" content=\"2024-09-26T10:39:42+00:00\" \/>\n<meta name=\"twitter:card\" content=\"summary_large_image\" \/>\n<meta name=\"twitter:label1\" content=\"Tiempo de lectura\" \/>\n\t<meta name=\"twitter:data1\" content=\"2 minutos\" \/>\n<script type=\"application\/ld+json\" class=\"yoast-schema-graph\">{\"@context\":\"https:\/\/schema.org\",\"@graph\":[{\"@type\":\"WebPage\",\"@id\":\"https:\/\/www.thenextlevelcar.com\/index.php\/aviso-legal\/\",\"url\":\"https:\/\/www.thenextlevelcar.com\/index.php\/aviso-legal\/\",\"name\":\"Aviso legal - The Next Level Car\",\"isPartOf\":{\"@id\":\"https:\/\/www.thenextlevelcar.com\/#website\"},\"datePublished\":\"2024-09-25T11:28:22+00:00\",\"dateModified\":\"2024-09-26T10:39:42+00:00\",\"breadcrumb\":{\"@id\":\"https:\/\/www.thenextlevelcar.com\/index.php\/aviso-legal\/#breadcrumb\"},\"inLanguage\":\"es\",\"potentialAction\":[{\"@type\":\"ReadAction\",\"target\":[\"https:\/\/www.thenextlevelcar.com\/index.php\/aviso-legal\/\"]}]},{\"@type\":\"BreadcrumbList\",\"@id\":\"https:\/\/www.thenextlevelcar.com\/index.php\/aviso-legal\/#breadcrumb\",\"itemListElement\":[{\"@type\":\"ListItem\",\"position\":1,\"name\":\"Portada\",\"item\":\"https:\/\/www.thenextlevelcar.com\/\"},{\"@type\":\"ListItem\",\"position\":2,\"name\":\"Aviso legal\"}]},{\"@type\":\"WebSite\",\"@id\":\"https:\/\/www.thenextlevelcar.com\/#website\",\"url\":\"https:\/\/www.thenextlevelcar.com\/\",\"name\":\"The Next Level Car\",\"description\":\"\",\"publisher\":{\"@id\":\"https:\/\/www.thenextlevelcar.com\/#organization\"},\"potentialAction\":[{\"@type\":\"SearchAction\",\"target\":{\"@type\":\"EntryPoint\",\"urlTemplate\":\"https:\/\/www.thenextlevelcar.com\/?s={search_term_string}\"},\"query-input\":{\"@type\":\"PropertyValueSpecification\",\"valueRequired\":true,\"valueName\":\"search_term_string\"}}],\"inLanguage\":\"es\"},{\"@type\":\"Organization\",\"@id\":\"https:\/\/www.thenextlevelcar.com\/#organization\",\"name\":\"The Next Level Car\",\"url\":\"https:\/\/www.thenextlevelcar.com\/\",\"logo\":{\"@type\":\"ImageObject\",\"inLanguage\":\"es\",\"@id\":\"https:\/\/www.thenextlevelcar.com\/#\/schema\/logo\/image\/\",\"url\":\"https:\/\/www.thenextlevelcar.com\/wp-content\/uploads\/2024\/09\/cropped-logo-nombre-e1727436716496.png\",\"contentUrl\":\"https:\/\/www.thenextlevelcar.com\/wp-content\/uploads\/2024\/09\/cropped-logo-nombre-e1727436716496.png\",\"width\":493,\"height\":177,\"caption\":\"The Next Level Car\"},\"image\":{\"@id\":\"https:\/\/www.thenextlevelcar.com\/#\/schema\/logo\/image\/\"}}]}<\/script>\n<!-- \/ Yoast SEO plugin. -->","yoast_head_json":{"title":"Aviso legal - The Next Level Car","robots":{"index":"index","follow":"follow","max-snippet":"max-snippet:-1","max-image-preview":"max-image-preview:large","max-video-preview":"max-video-preview:-1"},"canonical":"https:\/\/www.thenextlevelcar.com\/index.php\/aviso-legal\/","og_locale":"es_ES","og_type":"article","og_title":"Aviso legal - The Next Level Car","og_description":"1. Identificaci\u00f3n del titular El presente aviso legal regula el uso del sitio web de The Next Level Car, con domicilio en A Brea, 31, 36689, A Estrada, Pontevedra. 2. Datos de contacto Tel\u00e9fono: 602 41 29 15 Email: thenextlevelcars@gmail.com 3. Propiedad intelectual e industrial Los contenidos de este sitio web, incluyendo textos, im\u00e1genes, dise\u00f1o [&hellip;]","og_url":"https:\/\/www.thenextlevelcar.com\/index.php\/aviso-legal\/","og_site_name":"The Next Level Car","article_modified_time":"2024-09-26T10:39:42+00:00","twitter_card":"summary_large_image","twitter_misc":{"Tiempo de lectura":"2 minutos"},"schema":{"@context":"https:\/\/schema.org","@graph":[{"@type":"WebPage","@id":"https:\/\/www.thenextlevelcar.com\/index.php\/aviso-legal\/","url":"https:\/\/www.thenextlevelcar.com\/index.php\/aviso-legal\/","name":"Aviso legal - The Next Level Car","isPartOf":{"@id":"https:\/\/www.thenextlevelcar.com\/#website"},"datePublished":"2024-09-25T11:28:22+00:00","dateModified":"2024-09-26T10:39:42+00:00","breadcrumb":{"@id":"https:\/\/www.thenextlevelcar.com\/index.php\/aviso-legal\/#breadcrumb"},"inLanguage":"es","potentialAction":[{"@type":"ReadAction","target":["https:\/\/www.thenextlevelcar.com\/index.php\/aviso-legal\/"]}]},{"@type":"BreadcrumbList","@id":"https:\/\/www.thenextlevelcar.com\/index.php\/aviso-legal\/#breadcrumb","itemListElement":[{"@type":"ListItem","position":1,"name":"Portada","item":"https:\/\/www.thenextlevelcar.com\/"},{"@type":"ListItem","position":2,"name":"Aviso legal"}]},{"@type":"WebSite","@id":"https:\/\/www.thenextlevelcar.com\/#website","url":"https:\/\/www.thenextlevelcar.com\/","name":"The Next Level Car","description":"","publisher":{"@id":"https:\/\/www.thenextlevelcar.com\/#organization"},"potentialAction":[{"@type":"SearchAction","target":{"@type":"EntryPoint","urlTemplate":"https:\/\/www.thenextlevelcar.com\/?s={search_term_string}"},"query-input":{"@type":"PropertyValueSpecification","valueRequired":true,"valueName":"search_term_string"}}],"inLanguage":"es"},{"@type":"Organization","@id":"https:\/\/www.thenextlevelcar.com\/#organization","name":"The Next Level Car","url":"https:\/\/www.thenextlevelcar.com\/","logo":{"@type":"ImageObject","inLanguage":"es","@id":"https:\/\/www.thenextlevelcar.com\/#\/schema\/logo\/image\/","url":"https:\/\/www.thenextlevelcar.com\/wp-content\/uploads\/2024\/09\/cropped-logo-nombre-e1727436716496.png","contentUrl":"https:\/\/www.thenextlevelcar.com\/wp-content\/uploads\/2024\/09\/cropped-logo-nombre-e1727436716496.png","width":493,"height":177,"caption":"The Next Level Car"},"image":{"@id":"https:\/\/www.thenextlevelcar.com\/#\/schema\/logo\/image\/"}}]}},"_links":{"self":[{"href":"https:\/\/www.thenextlevelcar.com\/index.php\/wp-json\/wp\/v2\/pages\/764","targetHints":{"allow":["GET"]}}],"collection":[{"href":"https:\/\/www.thenextlevelcar.com\/index.php\/wp-json\/wp\/v2\/pages"}],"about":[{"href":"https:\/\/www.thenextlevelcar.com\/index.php\/wp-json\/wp\/v2\/types\/page"}],"author":[{"embeddable":true,"href":"https:\/\/www.thenextlevelcar.com\/index.php\/wp-json\/wp\/v2\/users\/1"}],"replies":[{"embeddable":true,"href":"https:\/\/www.thenextlevelcar.com\/index.php\/wp-json\/wp\/v2\/comments?post=764"}],"version-history":[{"count":2,"href":"https:\/\/www.thenextlevelcar.com\/index.php\/wp-json\/wp\/v2\/pages\/764\/revisions"}],"predecessor-version":[{"id":902,"href":"https:\/\/www.thenextlevelcar.com\/index.php\/wp-json\/wp\/v2\/pages\/764\/revisions\/902"}],"wp:attachment":[{"href":"https:\/\/www.thenextlevelcar.com\/index.php\/wp-json\/wp\/v2\/media?parent=764"}],"curies":[{"name":"wp","href":"https:\/\/api.w.org\/{rel}","templated":true}]}}